{"id":140,"date":"2016-06-23T14:59:51","date_gmt":"2016-06-23T12:59:51","guid":{"rendered":"https:\/\/www.filipov-op.eu\/?page_id=140&#038;lang=sl"},"modified":"2019-04-04T17:26:57","modified_gmt":"2019-04-04T15:26:57","slug":"law-office-filipov","status":"publish","type":"page","link":"https:\/\/www.filipov-op.eu\/sl\/","title":{"rendered":"Odvetni\u0161ka pisarna Filipov"},"content":{"rendered":"<p>[et_pb_section bb_built=&#8221;1&#8243; admin_label=&#8221;section&#8221; background_image=&#8221;https:\/\/www.filipov-op.eu\/wp-content\/uploads\/2016\/05\/image_ana_desk.jpg&#8221; transparent_background=&#8221;off&#8221; background_color=&#8221;#ffffff&#8221; allow_player_pause=&#8221;off&#8221; inner_shadow=&#8221;off&#8221; parallax=&#8221;off&#8221; parallax_method=&#8221;off&#8221; padding_mobile=&#8221;off&#8221; make_fullwidth=&#8221;off&#8221; use_custom_width=&#8221;off&#8221; width_unit=&#8221;on&#8221; make_equal=&#8221;off&#8221; use_custom_gutter=&#8221;off&#8221; custom_padding_tablet=&#8221;50px|0|50px|0&#8243; custom_padding_last_edited=&#8221;on|desktop&#8221; next_background_color=&#8221;#edeae2&#8243;][et_pb_row admin_label=&#8221;row&#8221; background_position=&#8221;top_left&#8221; background_repeat=&#8221;repeat&#8221; background_size=&#8221;initial&#8221;][et_pb_column type=&#8221;1_3&#8243;][et_pb_divider color=&#8221;#ffffff&#8221; show_divider=&#8221;off&#8221; height=&#8221;160&#8243; divider_style=&#8221;solid&#8221; divider_position=&#8221;top&#8221; hide_on_mobile=&#8221;off&#8221; \/][et_pb_image admin_label=&#8221;Signature&#8221; src=&#8221;https:\/\/www.filipov-op.eu\/wp-content\/uploads\/2016\/05\/ana_podpis.png&#8221; show_in_lightbox=&#8221;off&#8221; url_new_window=&#8221;off&#8221; use_overlay=&#8221;off&#8221; animation=&#8221;left&#8221; sticky=&#8221;on&#8221; align=&#8221;center&#8221; force_fullwidth=&#8221;off&#8221; always_center_on_mobile=&#8221;on&#8221; use_border_color=&#8221;off&#8221; border_color=&#8221;#ffffff&#8221; border_style=&#8221;solid&#8221; max_width=&#8221;150px&#8221; disabled_on=&#8221;on|on|&#8221; disabled=&#8221;off&#8221; animation_style=&#8221;slide&#8221; animation_duration=&#8221;500ms&#8221; animation_intensity_slide=&#8221;10%&#8221; animation_direction=&#8221;left&#8221; show_bottom_space=&#8221;off&#8221; \/][et_pb_text admin_label=&#8221;Ana\u2019s signature matters.&#8221; background_layout=&#8221;light&#8221; text_orientation=&#8221;center&#8221; use_border_color=&#8221;off&#8221; border_color=&#8221;#ffffff&#8221; border_style=&#8221;solid&#8221; text_font_size=&#8221;18&#8243; disabled_on=&#8221;on|on|&#8221; disabled=&#8221;off&#8221; background_position=&#8221;top_left&#8221; background_repeat=&#8221;repeat&#8221; background_size=&#8221;initial&#8221; module_alignment=&#8221;center&#8221;]<\/p>\n<p>Anin podpis \u0161teje.<\/p>\n<p>[\/et_pb_text][\/et_pb_column][et_pb_column type=&#8221;1_3&#8243;][\/et_pb_column][et_pb_column type=&#8221;1_3&#8243;][\/et_pb_column][\/et_pb_row][\/et_pb_section][et_pb_section bb_built=&#8221;1&#8243; fullwidth=&#8221;off&#8221; specialty=&#8221;off&#8221; transparent_background=&#8221;off&#8221; background_color=&#8221;#edeae2&#8243; allow_player_pause=&#8221;off&#8221; inner_shadow=&#8221;off&#8221; parallax=&#8221;off&#8221; parallax_method=&#8221;off&#8221; padding_mobile=&#8221;off&#8221; make_fullwidth=&#8221;off&#8221; use_custom_width=&#8221;off&#8221; width_unit=&#8221;on&#8221; make_equal=&#8221;off&#8221; use_custom_gutter=&#8221;off&#8221; module_id=&#8221;ana&#8221; custom_padding_tablet=&#8221;50px|0|50px|0&#8243; custom_padding_last_edited=&#8221;on|desktop&#8221; prev_background_color=&#8221;#ffffff&#8221; next_background_color=&#8221;#FFFFFF&#8221;][et_pb_row background_position=&#8221;top_left&#8221; background_repeat=&#8221;repeat&#8221; background_size=&#8221;initial&#8221;][et_pb_column type=&#8221;4_4&#8243;][et_pb_text admin_label=&#8221;Ana Filipov&#8221; background_layout=&#8221;light&#8221; text_orientation=&#8221;center&#8221; use_border_color=&#8221;off&#8221; border_color=&#8221;#ffffff&#8221; border_style=&#8221;solid&#8221; text_font_size=&#8221;24&#8243; text_line_height=&#8221;2em&#8221; background_position=&#8221;top_left&#8221; background_repeat=&#8221;repeat&#8221; background_size=&#8221;initial&#8221; module_alignment=&#8221;center&#8221;]<\/p>\n<h1>Ana Filipov Eiselt<\/h1>\n<p>Ana Filipov Eiselt vodi specializirano odvetni\u0161ko pisarno, ki se osredoto\u010da na zastopni\u0161tvo mednarodnih podjetij in posameznikov v Sloveniji. Deluje na podro\u010dju civilnega prava, vklju\u010dno z nepremi\u010dninskimi transakcijami, razre\u0161evanjem sporov in terjatvami, insolventnostjo, ban\u010dni\u0161tvom in financami, prestrukturiranjem in intelektualno lastnino. Ana ima znanje in izku\u0161nje za podajanje prakti\u010dnih in strate\u0161kih nasvetov, usmerjenih v doseganje rezultatov.<\/p>\n<p>[\/et_pb_text][\/et_pb_column][\/et_pb_row][\/et_pb_section][et_pb_section bb_built=&#8221;1&#8243; fullwidth=&#8221;off&#8221; specialty=&#8221;off&#8221; prev_background_color=&#8221;#edeae2&#8243; next_background_color=&#8221;#ffffff&#8221;][et_pb_row background_position=&#8221;top_left&#8221; background_repeat=&#8221;repeat&#8221; background_size=&#8221;initial&#8221;][et_pb_column type=&#8221;1_2&#8243;][et_pb_text admin_label=&#8221;Education, Languages, Teaching positions&#8221; background_layout=&#8221;light&#8221; text_orientation=&#8221;center&#8221; use_border_color=&#8221;off&#8221; border_color=&#8221;#ffffff&#8221; border_style=&#8221;solid&#8221; text_font_size=&#8221;18&#8243; text_line_height=&#8221;1.8em&#8221; background_position=&#8221;top_left&#8221; background_repeat=&#8221;repeat&#8221; background_size=&#8221;initial&#8221; module_alignment=&#8221;center&#8221;]<\/p>\n<p><strong>Izobrazba<\/strong><br \/>\nUniverza v Ljubljani, Pravna fakulteta, Ljubljana, Slovenija<\/p>\n<p><strong>Jeziki<\/strong><br \/>\nslovenski, angle\u0161ki, hrva\u0161ki, srbski, makedonski<\/p>\n<p><strong>Pou\u010devanje<\/strong><br \/>\nSrednja ekonomska \u0161ola, Celje (1997-98)<\/p>\n<p>[\/et_pb_text][\/et_pb_column][et_pb_column type=&#8221;1_2&#8243;][et_pb_text admin_label=&#8221;Previous work experience&#8221; background_layout=&#8221;light&#8221; text_orientation=&#8221;center&#8221; use_border_color=&#8221;off&#8221; border_color=&#8221;#ffffff&#8221; border_style=&#8221;solid&#8221; text_font_size=&#8221;18&#8243; text_line_height=&#8221;1.8em&#8221; background_position=&#8221;top_left&#8221; background_repeat=&#8221;repeat&#8221; background_size=&#8221;initial&#8221; module_alignment=&#8221;center&#8221;]<\/p>\n<p><strong>Prej\u0161nje delovne izku\u0161nje<\/strong><br \/>\nMednarodna odvetni\u0161ka pisarna, Ljubljana (2002\u20132015)<br \/>\nOdvetni\u0161ka pisarna, Celje in Ljubljana (1999\u20132002)<br \/>\nMednarodna odvetni\u0161ka pisarna, Washington, D.C. (1998)<br \/>\nVi\u0161je sodi\u0161\u010de, Celje (1997\u201398)<br \/>\nOdvetni\u0161ka pisarna, Celje (1996\u201397)<\/p>\n<p>[\/et_pb_text][\/et_pb_column][\/et_pb_row][\/et_pb_section][et_pb_section bb_built=&#8221;1&#8243; fullwidth=&#8221;off&#8221; specialty=&#8221;off&#8221; transparent_background=&#8221;off&#8221; background_color=&#8221;#ffffff&#8221; allow_player_pause=&#8221;off&#8221; inner_shadow=&#8221;off&#8221; parallax=&#8221;off&#8221; parallax_method=&#8221;off&#8221; padding_mobile=&#8221;off&#8221; make_fullwidth=&#8221;off&#8221; use_custom_width=&#8221;off&#8221; width_unit=&#8221;on&#8221; make_equal=&#8221;off&#8221; use_custom_gutter=&#8221;off&#8221; background_image=&#8221;https:\/\/www.filipov-op.eu\/wp-content\/uploads\/2016\/05\/image_handwriting.jpg&#8221; disabled_on=&#8221;off|off|off&#8221; disabled=&#8221;off&#8221; module_id=&#8221;integrity&#8221; custom_padding_tablet=&#8221;50px|0|50px|0&#8243; custom_padding_last_edited=&#8221;on|desktop&#8221; prev_background_color=&#8221;#FFFFFF&#8221; next_background_color=&#8221;#edeae2&#8243;][et_pb_row background_position=&#8221;top_left&#8221; background_repeat=&#8221;repeat&#8221; background_size=&#8221;initial&#8221;][et_pb_column type=&#8221;4_4&#8243;][et_pb_divider color=&#8221;#ffffff&#8221; show_divider=&#8221;off&#8221; height=&#8221;120&#8243; divider_style=&#8221;solid&#8221; divider_position=&#8221;top&#8221; hide_on_mobile=&#8221;on&#8221; disabled_on=&#8221;on|on|off&#8221; \/][et_pb_text admin_label=&#8221;Honesty &amp; Integrity&#8221; background_layout=&#8221;light&#8221; text_orientation=&#8221;center&#8221; text_font_size=&#8221;48&#8243; text_text_color=&#8221;#272626&#8243; use_border_color=&#8221;off&#8221; border_color=&#8221;#ffffff&#8221; border_style=&#8221;solid&#8221; background_position=&#8221;top_left&#8221; background_repeat=&#8221;repeat&#8221; background_size=&#8221;initial&#8221; module_alignment=&#8221;center&#8221;]<\/p>\n<p>Po\u0161tenost in integriteta<\/p>\n<p>[\/et_pb_text][et_pb_divider color=&#8221;#ffffff&#8221; show_divider=&#8221;off&#8221; height=&#8221;120&#8243; divider_style=&#8221;solid&#8221; divider_position=&#8221;top&#8221; hide_on_mobile=&#8221;on&#8221; disabled_on=&#8221;on|on|off&#8221; \/][\/et_pb_column][\/et_pb_row][\/et_pb_section][et_pb_section bb_built=&#8221;1&#8243; fullwidth=&#8221;off&#8221; specialty=&#8221;off&#8221; transparent_background=&#8221;off&#8221; background_color=&#8221;#edeae2&#8243; allow_player_pause=&#8221;off&#8221; inner_shadow=&#8221;off&#8221; parallax=&#8221;off&#8221; parallax_method=&#8221;off&#8221; padding_mobile=&#8221;off&#8221; make_fullwidth=&#8221;off&#8221; use_custom_width=&#8221;off&#8221; width_unit=&#8221;on&#8221; make_equal=&#8221;off&#8221; use_custom_gutter=&#8221;off&#8221; custom_padding_tablet=&#8221;50px|0|50px|0&#8243; custom_padding_last_edited=&#8221;on|desktop&#8221; prev_background_color=&#8221;#ffffff&#8221; next_background_color=&#8221;#ffffff&#8221;][et_pb_row background_position=&#8221;top_left&#8221; background_repeat=&#8221;repeat&#8221; background_size=&#8221;initial&#8221;][et_pb_column type=&#8221;4_4&#8243;][et_pb_text admin_label=&#8221;Having worked for several large law firms &#8230;&#8221; background_layout=&#8221;light&#8221; text_orientation=&#8221;center&#8221; use_border_color=&#8221;off&#8221; border_color=&#8221;#ffffff&#8221; border_style=&#8221;solid&#8221; text_font_size=&#8221;24&#8243; text_line_height=&#8221;2em&#8221; background_position=&#8221;top_left&#8221; background_repeat=&#8221;repeat&#8221; background_size=&#8221;initial&#8221; module_alignment=&#8221;center&#8221;]<\/p>\n<p>Na podlagi izku\u0161enj, ki jih je v preteklosti nabrala z delom v velikih odvetni\u0161kih pisarnah, Ana Filipov Eiselt sedaj vodi majhno odvetni\u0161ko pisarno, ki nudi poosebljene storitve. Njena pisarna je zaprise\u017eena strokovni natan\u010dnosti in po\u0161tenosti. Osredoto\u010deni so tako na celoto kot na podrobnosti. Imajo temeljit, natan\u010den in pedanten pristop k delu in blestijo v razre\u0161evanju problemov in te\u017ekih situacij z uporabo kreativnega razmi\u0161ljanja za iskanje smiselnih re\u0161itev.<\/p>\n<p>[\/et_pb_text][\/et_pb_column][\/et_pb_row][\/et_pb_section][et_pb_section bb_built=&#8221;1&#8243; fullwidth=&#8221;off&#8221; specialty=&#8221;off&#8221; transparent_background=&#8221;off&#8221; background_color=&#8221;#ffffff&#8221; allow_player_pause=&#8221;off&#8221; inner_shadow=&#8221;off&#8221; parallax=&#8221;off&#8221; parallax_method=&#8221;off&#8221; padding_mobile=&#8221;off&#8221; make_fullwidth=&#8221;off&#8221; use_custom_width=&#8221;off&#8221; width_unit=&#8221;on&#8221; make_equal=&#8221;off&#8221; use_custom_gutter=&#8221;off&#8221; module_id=&#8221;office&#8221; custom_padding_tablet=&#8221;50px|0|50px|0&#8243; custom_padding_last_edited=&#8221;on|desktop&#8221; prev_background_color=&#8221;#edeae2&#8243; next_background_color=&#8221;#000000&#8243;][et_pb_row background_position=&#8221;top_left&#8221; background_repeat=&#8221;repeat&#8221; background_size=&#8221;initial&#8221;][et_pb_column type=&#8221;4_4&#8243;][et_pb_text admin_label=&#8221;The Office&#8221; background_layout=&#8221;light&#8221; text_orientation=&#8221;center&#8221; text_font_size=&#8221;24&#8243; use_border_color=&#8221;off&#8221; border_color=&#8221;#ffffff&#8221; border_style=&#8221;solid&#8221; text_line_height=&#8221;1.8em&#8221; background_position=&#8221;top_left&#8221; background_repeat=&#8221;repeat&#8221; background_size=&#8221;initial&#8221; module_alignment=&#8221;center&#8221;]<\/p>\n<h1>Pisarna<\/h1>\n<p>Pisarna Ane Filipov Eiselt deluje po visokih moralnih standardih, s strokovno integriteto in v skladu s strogim moralnim kodeksom, vedno v korist stranke.<\/p>\n<p>[\/et_pb_text][\/et_pb_column][\/et_pb_row][et_pb_row make_fullwidth=&#8221;off&#8221; use_custom_width=&#8221;off&#8221; width_unit=&#8221;on&#8221; use_custom_gutter=&#8221;on&#8221; custom_padding=&#8221;|0px|0px|0px&#8221; padding_mobile=&#8221;on&#8221; allow_player_pause=&#8221;off&#8221; parallax=&#8221;off&#8221; parallax_method=&#8221;off&#8221; make_equal=&#8221;on&#8221; bg_img_1=&#8221;https:\/\/www.filipov-op.eu\/wp-content\/uploads\/2016\/05\/ana_anja.jpg&#8221; parallax_1=&#8221;off&#8221; parallax_method_1=&#8221;off&#8221; bg_img_2=&#8221;https:\/\/www.filipov-op.eu\/wp-content\/uploads\/2016\/05\/fileboxes.jpg&#8221; parallax_2=&#8221;off&#8221; parallax_method_2=&#8221;off&#8221; column_padding_mobile=&#8221;on&#8221; custom_css_main_element=&#8221;width: 100% !important;&#8221; gutter_width=&#8221;1&#8243; background_position=&#8221;top_left&#8221; background_repeat=&#8221;repeat&#8221; background_size=&#8221;initial&#8221; _builder_version=&#8221;3.21&#8243;][et_pb_column type=&#8221;1_2&#8243;][et_pb_divider color=&#8221;#ffffff&#8221; show_divider=&#8221;off&#8221; height=&#8221;400&#8243; divider_style=&#8221;solid&#8221; divider_position=&#8221;top&#8221; hide_on_mobile=&#8221;off&#8221; _builder_version=&#8221;3.21&#8243; \/][\/et_pb_column][et_pb_column type=&#8221;1_2&#8243;][\/et_pb_column][\/et_pb_row][et_pb_row make_fullwidth=&#8221;off&#8221; use_custom_width=&#8221;off&#8221; width_unit=&#8221;on&#8221; use_custom_gutter=&#8221;on&#8221; custom_padding=&#8221;0px|0px|0px|0px&#8221; padding_mobile=&#8221;off&#8221; allow_player_pause=&#8221;off&#8221; parallax=&#8221;off&#8221; parallax_method=&#8221;off&#8221; make_equal=&#8221;on&#8221; bg_img_1=&#8221;https:\/\/www.filipov-op.eu\/wp-content\/uploads\/2016\/05\/manca.jpg&#8221; parallax_1=&#8221;off&#8221; parallax_method_1=&#8221;off&#8221; bg_img_2=&#8221;https:\/\/www.filipov-op.eu\/wp-content\/uploads\/2016\/05\/janja.jpg&#8221; parallax_2=&#8221;off&#8221; parallax_method_2=&#8221;off&#8221; bg_img_3=&#8221;https:\/\/www.filipov-op.eu\/wp-content\/uploads\/2016\/05\/anja.jpg&#8221; parallax_3=&#8221;off&#8221; parallax_method_3=&#8221;off&#8221; column_padding_mobile=&#8221;on&#8221; custom_css_main_element=&#8221;width: 100% !important;&#8221; gutter_width=&#8221;1&#8243; background_position=&#8221;top_left&#8221; background_repeat=&#8221;repeat&#8221; background_size=&#8221;initial&#8221; _builder_version=&#8221;3.21&#8243; disabled_on=&#8221;on|on|on&#8221; disabled=&#8221;on&#8221;][et_pb_column type=&#8221;1_3&#8243;][\/et_pb_column][et_pb_column type=&#8221;1_3&#8243;][\/et_pb_column][et_pb_column type=&#8221;1_3&#8243;][\/et_pb_column][\/et_pb_row][\/et_pb_section][et_pb_section bb_built=&#8221;1&#8243; fullwidth=&#8221;off&#8221; specialty=&#8221;off&#8221; transparent_background=&#8221;off&#8221; background_color=&#8221;#ffffff&#8221; allow_player_pause=&#8221;off&#8221; inner_shadow=&#8221;off&#8221; parallax=&#8221;off&#8221; parallax_method=&#8221;off&#8221; padding_mobile=&#8221;off&#8221; make_fullwidth=&#8221;off&#8221; use_custom_width=&#8221;off&#8221; width_unit=&#8221;on&#8221; make_equal=&#8221;off&#8221; use_custom_gutter=&#8221;off&#8221; background_image=&#8221;https:\/\/www.filipov-op.eu\/wp-content\/uploads\/2016\/05\/image_stamp.jpg&#8221; module_id=&#8221;contact&#8221; custom_padding_tablet=&#8221;50px|0|50px|0&#8243; custom_padding_last_edited=&#8221;on|desktop&#8221; prev_background_color=&#8221;#ffffff&#8221; next_background_color=&#8221;#FFFFFF&#8221;][et_pb_row background_position=&#8221;top_left&#8221; background_repeat=&#8221;repeat&#8221; background_size=&#8221;initial&#8221;][et_pb_column type=&#8221;4_4&#8243;][et_pb_divider color=&#8221;#ffffff&#8221; show_divider=&#8221;off&#8221; height=&#8221;80&#8243; divider_style=&#8221;solid&#8221; divider_position=&#8221;top&#8221; hide_on_mobile=&#8221;on&#8221; disabled_on=&#8221;on|on|off&#8221; \/][et_pb_text admin_label=&#8221;We would like to hear from you&#8221; background_layout=&#8221;light&#8221; text_orientation=&#8221;center&#8221; text_font_size=&#8221;48&#8243; text_text_color=&#8221;#272626&#8243; use_border_color=&#8221;off&#8221; border_color=&#8221;#ffffff&#8221; border_style=&#8221;solid&#8221; background_position=&#8221;top_left&#8221; background_repeat=&#8221;repeat&#8221; background_size=&#8221;initial&#8221; module_alignment=&#8221;center&#8221;]<\/p>\n<p>Obrnite se na nas!<\/p>\n<p>[\/et_pb_text][et_pb_divider color=&#8221;#ffffff&#8221; show_divider=&#8221;off&#8221; height=&#8221;80&#8243; divider_style=&#8221;solid&#8221; divider_position=&#8221;top&#8221; hide_on_mobile=&#8221;on&#8221; disabled_on=&#8221;on|on|off&#8221; \/][\/et_pb_column][\/et_pb_row][\/et_pb_section][et_pb_section bb_built=&#8221;1&#8243; fullwidth=&#8221;off&#8221; specialty=&#8221;off&#8221; transparent_background=&#8221;off&#8221; allow_player_pause=&#8221;off&#8221; inner_shadow=&#8221;off&#8221; parallax=&#8221;off&#8221; parallax_method=&#8221;off&#8221; padding_mobile=&#8221;off&#8221; make_fullwidth=&#8221;off&#8221; use_custom_width=&#8221;off&#8221; width_unit=&#8221;on&#8221; make_equal=&#8221;off&#8221; use_custom_gutter=&#8221;off&#8221; custom_padding_tablet=&#8221;50px|0|50px|0&#8243; custom_padding_last_edited=&#8221;on|desktop&#8221; prev_background_color=&#8221;#ffffff&#8221; next_background_color=&#8221;#FFFFFF&#8221;][et_pb_row background_position=&#8221;top_left&#8221; background_repeat=&#8221;repeat&#8221; background_size=&#8221;initial&#8221;][et_pb_column type=&#8221;4_4&#8243;][et_pb_text admin_label=&#8221;Ana\u2019s office is located in Ljubljana.&#8221; background_layout=&#8221;light&#8221; text_orientation=&#8221;center&#8221; use_border_color=&#8221;off&#8221; border_color=&#8221;#ffffff&#8221; border_style=&#8221;solid&#8221; text_font_size=&#8221;24&#8243; background_position=&#8221;top_left&#8221; background_repeat=&#8221;repeat&#8221; background_size=&#8221;initial&#8221; module_alignment=&#8221;center&#8221;]<\/p>\n<p>Anina pisarna se nahaja v Ljubljani.<\/p>\n<p>[\/et_pb_text][et_pb_divider color=&#8221;#eeeeee&#8221; show_divider=&#8221;on&#8221; divider_style=&#8221;solid&#8221; divider_position=&#8221;top&#8221; hide_on_mobile=&#8221;off&#8221; \/][\/et_pb_column][\/et_pb_row][et_pb_row background_position=&#8221;top_left&#8221; background_repeat=&#8221;repeat&#8221; background_size=&#8221;initial&#8221;][et_pb_column type=&#8221;1_2&#8243;][et_pb_text admin_label=&#8221;Phone&#8221; text_font_size=&#8221;30&#8243; use_border_color=&#8221;off&#8221; text_font_size_tablet=&#8221;28&#8243; text_font_size_phone=&#8221;24&#8243; text_font_size_last_edited=&#8221;on|desktop&#8221; background_position=&#8221;top_left&#8221; background_repeat=&#8221;repeat&#8221; background_size=&#8221;initial&#8221; _builder_version=&#8221;3.21&#8243; custom_margin=&#8221;||32px|&#8221;]<\/p>\n<p><img loading=\"lazy\" decoding=\"async\" class=\"alignleft size-full wp-image-73\" src=\"https:\/\/www.filipov-op.eu\/wp-content\/uploads\/2016\/05\/icon_phone.png\" alt=\"icon_phone\" width=\"36\" height=\"36\"> +386 1 620 83 00<\/p>\n<p>[\/et_pb_text][et_pb_text admin_label=&#8221;Fax&#8221; text_font_size=&#8221;30&#8243; use_border_color=&#8221;off&#8221; text_font_size_tablet=&#8221;28&#8243; text_font_size_phone=&#8221;24&#8243; text_font_size_last_edited=&#8221;on|phone&#8221; background_position=&#8221;top_left&#8221; background_repeat=&#8221;repeat&#8221; background_size=&#8221;initial&#8221; _builder_version=&#8221;3.21&#8243; custom_margin=&#8221;||32px|&#8221;]<\/p>\n<p><img loading=\"lazy\" decoding=\"async\" class=\"alignleft size-full wp-image-74\" src=\"https:\/\/www.filipov-op.eu\/wp-content\/uploads\/2016\/05\/icon_fax.png\" alt=\"icon_fax\" width=\"36\" height=\"36\"> +386 1 620 83 04<\/p>\n<p>[\/et_pb_text][et_pb_text admin_label=&#8221;Email&#8221; text_font_size=&#8221;30&#8243; use_border_color=&#8221;off&#8221; text_font_size_tablet=&#8221;28&#8243; text_font_size_phone=&#8221;24&#8243; text_font_size_last_edited=&#8221;on|phone&#8221; background_position=&#8221;top_left&#8221; background_repeat=&#8221;repeat&#8221; background_size=&#8221;initial&#8221; _builder_version=&#8221;3.21&#8243; link_text_color=&#8221;#666666&#8243;]<\/p>\n<p><img loading=\"lazy\" decoding=\"async\" class=\"alignleft size-full wp-image-112\" src=\"https:\/\/www.filipov-op.eu\/wp-content\/uploads\/2016\/05\/icon_email.png\" alt=\"icon_email\" width=\"36\" height=\"36\"> <a href=\"mailto:office@filipov-op.si\">office@filipov-op.si<\/a><\/p>\n<p>[\/et_pb_text][\/et_pb_column][et_pb_column type=&#8221;1_4&#8243;][et_pb_text admin_label=&#8221;Law office Filipov, Ltd.&#8221; text_font_size=&#8221;16&#8243; use_border_color=&#8221;off&#8221; text_line_height=&#8221;1.8em&#8221; background_position=&#8221;top_left&#8221; background_repeat=&#8221;repeat&#8221; background_size=&#8221;initial&#8221; _builder_version=&#8221;3.21&#8243;]<\/p>\n<p><strong>FILIPOV o.p. d.o.o.<\/strong><br \/>\nSlovenska cesta 11<br \/>\nSI-1000 Ljubljana, Slovenija<br \/>\n<a href=\"mailto:office@filipov-op.si\">office@filipov-op.si<\/a><\/p>\n<p>[\/et_pb_text][\/et_pb_column][et_pb_column type=&#8221;1_4&#8243;][et_pb_text admin_label=&#8221;Company Numbers&#8221; use_border_color=&#8221;off&#8221; text_font_size=&#8221;16&#8243; text_line_height=&#8221;1.8em&#8221; background_position=&#8221;top_left&#8221; background_repeat=&#8221;repeat&#8221; background_size=&#8221;initial&#8221; _builder_version=&#8221;3.21&#8243;]<\/p>\n<p>Mati\u010dna \u0161tevilka: 6098819000<br \/>\nID za DDV: SI40284816<\/p>\n<p>[\/et_pb_text][\/et_pb_column][\/et_pb_row][\/et_pb_section][et_pb_section bb_built=&#8221;1&#8243; fullwidth=&#8221;on&#8221; specialty=&#8221;off&#8221; prev_background_color=&#8221;#000000&#8243;][et_pb_fullwidth_map address=&#8221;Slovenska cesta 11, 1000 Ljubljana, Slovenia&#8221; address_lat=&#8221;46.04878351405713&#8243; address_lng=&#8221;14.50148199265982&#8243; mouse_wheel=&#8221;on&#8221; zoom_level=&#8221;16&#8243; mobile_dragging=&#8221;on&#8221; child_filter_saturate=&#8221;100%&#8221;][et_pb_map_pin title=&#8221;Odvetni\u0161ka pisarna Filipov&#8221; pin_address=&#8221;Slovenska cesta 11, 1000 Ljubljana, Slovenia&#8221; pin_address_lat=&#8221;46.0484073&#8243; pin_address_lng=&#8221;14.50134520000006&#8243;][\/et_pb_map_pin][\/et_pb_fullwidth_map][\/et_pb_section]<\/p>\n","protected":false},"excerpt":{"rendered":"<p>Anin podpis \u0161teje. Ana Filipov Eiselt Ana Filipov Eiselt vodi specializirano odvetni\u0161ko pisarno, ki se osredoto\u010da na zastopni\u0161tvo mednarodnih podjetij in posameznikov v Sloveniji. Deluje na podro\u010dju civilnega prava, vklju\u010dno z nepremi\u010dninskimi transakcijami, razre\u0161evanjem sporov in terjatvami, insolventnostjo, ban\u010dni\u0161tvom in financami, prestrukturiranjem in intelektualno lastnino. Ana ima znanje in izku\u0161nje za podajanje prakti\u010dnih in strate\u0161kih [&hellip;]<\/p>\n","protected":false},"author":1,"featured_media":0,"parent":0,"menu_order":1,"comment_status":"closed","ping_status":"closed","template":"","meta":{"_et_pb_use_builder":"on","_et_pb_old_content":"","_et_gb_content_width":"","footnotes":""},"class_list":["post-140","page","type-page","status-publish","hentry"],"_links":{"self":[{"href":"https:\/\/www.filipov-op.eu\/sl\/wp-json\/wp\/v2\/pages\/140","targetHints":{"allow":["GET"]}}],"collection":[{"href":"https:\/\/www.filipov-op.eu\/sl\/wp-json\/wp\/v2\/pages"}],"about":[{"href":"https:\/\/www.filipov-op.eu\/sl\/wp-json\/wp\/v2\/types\/page"}],"author":[{"embeddable":true,"href":"https:\/\/www.filipov-op.eu\/sl\/wp-json\/wp\/v2\/users\/1"}],"replies":[{"embeddable":true,"href":"https:\/\/www.filipov-op.eu\/sl\/wp-json\/wp\/v2\/comments?post=140"}],"version-history":[{"count":24,"href":"https:\/\/www.filipov-op.eu\/sl\/wp-json\/wp\/v2\/pages\/140\/revisions"}],"predecessor-version":[{"id":249,"href":"https:\/\/www.filipov-op.eu\/sl\/wp-json\/wp\/v2\/pages\/140\/revisions\/249"}],"wp:attachment":[{"href":"https:\/\/www.filipov-op.eu\/sl\/wp-json\/wp\/v2\/media?parent=140"}],"curies":[{"name":"wp","href":"https:\/\/api.w.org\/{rel}","templated":true}]}}